{"id":11,"date":"2011-01-17T23:33:09","date_gmt":"2011-01-17T23:33:09","guid":{"rendered":""},"modified":"2019-03-27T13:06:12","modified_gmt":"2019-03-27T12:06:12","slug":"11-2","status":"publish","type":"page","link":"https:\/\/tradevenvironment.eu\/index.php\/11-2\/","title":{"rendered":"Papers"},"content":{"rendered":"\n<h4 class=\"wp-block-heading\">Access to Justice<\/h4>\n\n\n\n<p>with C. Poncelet, \u2018<a href=\"http:\/\/tradeven.cluster015.ovh.net\/wordpress\/wp-content\/uploads\/2018\/12\/08_ch7.pdf\">Protection Against Acts Harmful to Human Health and the Environment Adopted by the EU Institutions<\/a>\u2019<em>, Cambridge Yearbook of EU Law<\/em>, pp. 177-208.<\/p>\n\n\n\n<p>N. de Sadeleer et C. Poncelet, &#8220;<a href=\"http:\/\/tradeven.cluster015.ovh.net\/wordpress\/wp-content\/uploads\/2018\/12\/RTDeur_1_2013_02_Sadeleer_Poncelet.pdf\">Contestation des actes des institutions de l\u2019Union europ\u00e9enne \u00e0 l\u2019\u00e9preuve de la Convention d\u2019\u00c5rhus<\/a>&#8220;, <em>Revue trimestrielle de droit europ\u00e9en<\/em>, janvier-mars 2013, 7-34<\/p>\n\n\n\n<p><\/p>\n\n\n\n<h4 class=\"wp-block-heading\">Stichting Natuur en Milieu<\/h4>\n\n\n\n<p><a href=\"http:\/\/tradeven.cluster015.ovh.net\/wordpress\/wp-content\/uploads\/2018\/12\/AME_MI15003_opm1_55_57.pdf\">Commentaire de l&#8217;arr\u00eat de la C.J.U.E., 13 janvier 2015, aff. Jointes C-404\/12 P et C-405\/12 P Conseil et Commission c\/Stichting Natuur en Milieu et PAN, Am\u00e9nagement-Environnement<\/a>, 2015\/3, p. 199-201.<\/p>\n\n\n\n<h1 class=\"wp-block-heading\" style=\"text-align:center\">Fran\u00e7ais<\/h1>\n\n\n\n<h4 class=\"wp-block-heading\">Protection juridictionnelle<\/h4>\n\n\n\n<p>&#8220;<a href=\"http:\/\/tradeven.cluster015.ovh.net\/wordpress\/wp-content\/uploads\/2018\/12\/\/2015JTDE_1.pdf\">L\u2019\u00e9valuation des impacts environnementaux : vers une v\u00e9ritable protection juridictionne<\/a><a href=\"http:\/\/tradeven.cluster015.ovh.net\/wordpress\/wp-content\/uploads\/2018\/12\/2015JTDE_1.pdf\">lle ?<\/a>&#8220;, <em>J.D.E.<\/em>, 2015, n\u00b0 215<\/p>\n\n\n\n<h4 class=\"wp-block-heading\">Actualit\u00e9s<\/h4>\n\n\n\n<p>N. de Sadeleer et C. Poncelet, &#8220;<a href=\"http:\/\/tradeven.cluster015.ovh.net\/wordpress\/wp-content\/uploads\/2018\/12\/Actualite_s.pdf\">Actualit\u00e9s du droit de l\u2019environnement&nbsp;: impact de la jurisprudence des juridictions de l\u2019UE sur le r\u00e9gime de recevabilit\u00e9 des recours en annulation et sur le principe de pr\u00e9caution<\/a>&#8220;, in M. Dony (coord.), <em>Actualit\u00e9s en droit europ\u00e9en<\/em>, Bruxelles, Bruylant, pp. 131-177.<\/p>\n\n\n\n<h2 class=\"wp-block-heading\">Biodiversity<\/h2>\n\n\n\n<h4 class=\"wp-block-heading\">EU Biodiversity Law<\/h4>\n\n\n\n<p><a href=\"http:\/\/www.tradevenvironment.eu\/uploads\/\/20180913173622625.pdf\">\n\u2018EU Biodiversity Law\u2019, in E. Morgera and J. Razzaque (eds.), <em>Biodiversity and Nature Protection Law<\/em>, Elgar Encyclopedia of Environmental Law,&nbsp; World Academy (EE, 2017) 413-430.\n<\/a><\/p>\n\n\n\n<h4 class=\"wp-block-heading\">Natura 2000 Impact Assessment<\/h4>\n\n\n\n<p><a href=\"http:\/\/www.tradevenvironment.eu\/uploads\/\/2015_HabitatsAssessmt.pdf\">\n\u2018Assessment and Authorisation of Plans and Projects Having a Significant\n Impact on Natura 2000 Sites\u2019 in B. Vanheudesen et L. Squintani (eds.), <em>EU Environmental and Planning Law Aspects of Large-Scale Projects<\/em>, Intersentia, p.237.\n<\/a><\/p>\n\n\n\n<h4 class=\"wp-block-heading\">Appropriate Impact Assessment of Impacts on Natura 2000 Sites<\/h4>\n\n\n\n<p><a href=\"http:\/\/www.tradevenvironment.eu\/uploads\/\/Elni_2013_1_2_author_copy_Sadeleer.pdf\">N.\n de Sadeleer, \u00ab&nbsp;The Appropriate Impact Assessment and Authorisation \nRequirements of Plans and Projects likely to have Significant Impacts on\n Natura 2000 Sites&#8221;, <em>ELNI Law Journal, <\/em>2013, n\u00b0 2, p. 7-22.<\/a><\/p>\n\n\n\n<h4 class=\"wp-block-heading\">The Birds, Habitats, and Environmental Liability Directives to the Rescue of Wildlife<\/h4>\n\n\n\n<p><a href=\"http:\/\/www.tradevenvironment.eu\/uploads\/papers\/32.pdf\">N. de Sadeleer, \u2018The Birds, Habitats, and Environmental Liability Directives to the Rescue of Wildlife under Threat\u2019, <em>The Yearbook of European Environmental Law<\/em>, vol. 7, Oxford University Press, 2007, 36-75.<\/a><\/p>\n\n\n\n<h4 class=\"wp-block-heading\">EU Law and Biodiversity<\/h4>\n\n\n\n<p><a href=\"http:\/\/www.tradevenvironment.eu\/uploads\/papers\/biodiversity_Jeepl_2007.pdf\">N. de Sadeleer, &#8220;EC Law and Biodiversity. How to save Noah&#8217;s Ark&#8221;,&nbsp;<em>Journal for European Environmental and Planning Law (J.E.E.P.L.)<\/em>, 2007\/3, pp. 168-180.<\/a><\/p>\n\n\n\n<h4 class=\"wp-block-heading\">Habitats Conservation in EU Law<\/h4>\n\n\n\n<p><a href=\"http:\/\/www.tradevenvironment.eu\/uploads\/papers\/31.pdf\">\nN. de Sadeleer, \u2018Habitats Conservation in EC Law \u2013 From Nature Sanctuaries to Ecological Networks\u2019, <em>The Yearbook of European Environmental Law<\/em>, vol. 5, Oxford University Press, 2005, 215-252.\n&nbsp;<\/a><\/p>\n\n\n\n<h1 class=\"wp-block-heading\" style=\"text-align:center\">Fran\u00e7ais<\/h1>\n\n\n\n<h4 class=\"wp-block-heading\">Nature<\/h4>\n\n\n\n<p><a href=\"http:\/\/www.tradevenvironment.eu\/uploads\/\/2015Patimoine_1.pdf\">\u00ab&nbsp;Le patrimoine naturel de l\u2019UE \u00bb, P. Halley (ed.), <em>L<\/em><em>&#8216;environnement,&nbsp;un&nbsp;patrimoine commun et son \u00c9tat-gardien<\/em>, 2012, p. 38-55<strong>.<\/strong><\/a><\/p>\n\n\n\n<h4 class=\"wp-block-heading\">La protection de la nature et de la biodiversit\u00e9<\/h4>\n\n\n\n<p><a href=\"http:\/\/www.tradevenvironment.eu\/uploads\/papers\/8.pdf\">N. de Sadeleer, \u201cLa protection de la nature et de la biodiversit\u00e9\u201d, <em>Droit et politiques de l\u2019environnement<\/em>, sous la direction d\u2019Y. Petit, Paris, La documentation fran\u00e7aise, 2009, pp. 187 \u00e0 198.<\/a><\/p>\n\n\n\n<h4 class=\"wp-block-heading\">La conservation des habitats naturels en droit communautaire<\/h4>\n\n\n\n<p><a href=\"http:\/\/www.tradevenvironment.eu\/uploads\/papers\/13.pdf\">N. de Sadeleer, \u201cLa conservation des habitats naturels en droit communautaire\u201d, <em>RevCEDOUA<\/em>, 2003, n\u00b01, 9-43.<\/a><\/p>\n\n\n\n<h4 class=\"wp-block-heading\">La conservation de la nature au-del\u00e0 des esp\u00e8ces et des espaces : l&#8217;\u00e9mergence des concepts \u00e9cologiques en droit international<\/h4>\n\n\n\n<p><a href=\"http:\/\/www.tradevenvironment.eu\/uploads\/papers\/La_conservation_de_la_nature.pdf\">&#8220;La\n conservation de la nature au-del\u00e0 des esp\u00e8ces et des espaces : \nl&#8217;\u00e9mergence des concepts \u00e9cologiques en droit international&#8221; in Ph. \nG\u00e9rard, F. Ost &amp; M. van de Kerchove (dir.), <em>Images et usages de la nature en droit<\/em>, Bruxelles, Publications Universitaires de Saint-Louis, 1993, pp. 165-206.<\/a><\/p>\n\n\n\n<h4 class=\"wp-block-heading\">Protecci\u00f3n de la naturaleza<\/h4>\n\n\n\n<p><a href=\"http:\/\/www.tradevenvironment.eu\/uploads\/\/LIBRO_HABITATS_DE_SADELEER.pdf\">&#8220;Desde la protecci\u00f3n de la naturaleza a la conservaci\u00f3n de la biodiversidad&#8221;, in <em>La Directiva de H\u00e1bitats de la Uni\u00f3n Europea: Balance de 20 20 A\u00f1os,<\/em> Thomson Reuters, Arzanzadi, 2012, pp. 239-253<\/a><\/p>\n\n\n\n<p><a href=\"http:\/\/www.tradevenvironment.eu\/index.php?mact=papers,cntnt01,get_papers_in_cat,0&amp;cntnt01cat_id=21&amp;cntnt01alias=Cars-Emissions-Dieselgate&amp;cntnt01returnid=57\">Cars Emissions &#8211; Dieselgate<\/a><\/p>\n\n\n\n<p><a href=\"http:\/\/www.tradevenvironment.eu\/index.php?mact=papers,cntnt01,get_papers_in_cat,0&amp;cntnt01cat_id=22&amp;cntnt01alias=CETA-and-TTIP&amp;cntnt01returnid=57\">CETA and TTIP<\/a><\/p>\n\n\n\n<p><a href=\"http:\/\/www.tradevenvironment.eu\/index.php?mact=papers,cntnt01,get_papers_in_cat,0&amp;cntnt01cat_id=8&amp;cntnt01alias=Climate-change&amp;cntnt01returnid=57\">Climate Change<\/a><\/p>\n\n\n\n<p><a href=\"http:\/\/www.tradevenvironment.eu\/index.php?mact=papers,cntnt01,get_papers_in_cat,0&amp;cntnt01cat_id=10&amp;cntnt01alias=Competition-Law&amp;cntnt01returnid=57\">Competition Law<\/a><\/p>\n\n\n\n<p><a href=\"http:\/\/www.tradevenvironment.eu\/index.php?mact=papers,cntnt01,get_papers_in_cat,0&amp;cntnt01cat_id=19&amp;cntnt01alias=Environmental-Criminal-Law&amp;cntnt01returnid=57\">Environmental Criminal Law<\/a><\/p>\n\n\n\n<p><a href=\"http:\/\/www.tradevenvironment.eu\/index.php?mact=papers,cntnt01,get_papers_in_cat,0&amp;cntnt01cat_id=12&amp;cntnt01alias=Environmental-law-and-policy-the&amp;cntnt01returnid=57\">Environmental law and policy: theoretical approaches<\/a><\/p>\n\n\n\n<p><a href=\"http:\/\/www.tradevenvironment.eu\/index.php?mact=papers,cntnt01,get_papers_in_cat,0&amp;cntnt01cat_id=11&amp;cntnt01alias=Environmental-Liability&amp;cntnt01returnid=57\">Envt. Liability\/Envt. Imp.Assessment<\/a><\/p>\n\n\n\n<p><a href=\"http:\/\/www.tradevenvironment.eu\/index.php?mact=papers,cntnt01,get_papers_in_cat,0&amp;cntnt01cat_id=17&amp;cntnt01alias=CL&amp;cntnt01returnid=57\">EU Case Law Reports<\/a><\/p>\n\n\n\n<p><a href=\"http:\/\/www.tradevenvironment.eu\/index.php?mact=papers,cntnt01,get_papers_in_cat,0&amp;cntnt01cat_id=1&amp;cntnt01alias=EU-Institutional-law&amp;cntnt01returnid=57\">EU Institutional Law<\/a><\/p>\n\n\n\n<p><a href=\"http:\/\/www.tradevenvironment.eu\/index.php?mact=papers,cntnt01,get_papers_in_cat,0&amp;cntnt01cat_id=14&amp;cntnt01alias=EEG&amp;cntnt01returnid=57\">European Economic Governance<\/a><\/p>\n\n\n\n<p><a href=\"http:\/\/www.tradevenvironment.eu\/index.php?mact=papers,cntnt01,get_papers_in_cat,0&amp;cntnt01cat_id=5&amp;cntnt01alias=Food-safety&amp;cntnt01returnid=57\">Food Safety<\/a><\/p>\n\n\n\n<p><a href=\"http:\/\/www.tradevenvironment.eu\/index.php?mact=papers,cntnt01,get_papers_in_cat,0&amp;cntnt01cat_id=2&amp;cntnt01alias=Free-movement-of-goods-services&amp;cntnt01returnid=57\">Free Movement of Goods\/Services<\/a><\/p>\n\n\n\n<p><a href=\"http:\/\/www.tradevenvironment.eu\/index.php?mact=papers,cntnt01,get_papers_in_cat,0&amp;cntnt01cat_id=4&amp;cntnt01alias=GMOs&amp;cntnt01returnid=57\">GMOs<\/a><\/p>\n\n\n\n<p><a href=\"http:\/\/www.tradevenvironment.eu\/index.php?mact=papers,cntnt01,get_papers_in_cat,0&amp;cntnt01cat_id=9&amp;cntnt01alias=Human-Rights-and-Environment&amp;cntnt01returnid=57\">Human Rights and Environment<\/a><\/p>\n\n\n\n<p><a href=\"http:\/\/www.tradevenvironment.eu\/index.php?mact=papers,cntnt01,get_papers_in_cat,0&amp;cntnt01cat_id=18&amp;cntnt01alias=IEE&amp;cntnt01returnid=57\">Lecture Materials &#8211; St Louis &amp; UCL<\/a><\/p>\n\n\n\n<p><a href=\"http:\/\/www.tradevenvironment.eu\/index.php?mact=papers,cntnt01,get_papers_in_cat,0&amp;cntnt01cat_id=15&amp;cntnt01alias=PPP&amp;cntnt01returnid=57\">Polluter Pays Principle<\/a><\/p>\n\n\n\n<p><a href=\"http:\/\/www.tradevenvironment.eu\/index.php?mact=papers,cntnt01,get_papers_in_cat,0&amp;cntnt01cat_id=3&amp;cntnt01alias=Environmental-Principles-Precaut&amp;cntnt01returnid=57\">Prevention\/Precaution<\/a><\/p>\n\n\n\n<p><a href=\"http:\/\/www.tradevenvironment.eu\/index.php?mact=papers,cntnt01,get_papers_in_cat,0&amp;cntnt01cat_id=13&amp;cntnt01alias=Subsidiarity&amp;cntnt01returnid=57\">Principle of Subsidiarity<\/a><\/p>\n\n\n\n<p><a href=\"http:\/\/www.tradevenvironment.eu\/index.php?mact=papers,cntnt01,get_papers_in_cat,0&amp;cntnt01cat_id=20&amp;cntnt01alias=Sustainable-Development&amp;cntnt01returnid=57\">Sustainable Development<\/a><\/p>\n\n\n\n<p><a href=\"http:\/\/www.tradevenvironment.eu\/index.php?mact=papers,cntnt01,get_papers_in_cat,0&amp;cntnt01cat_id=7&amp;cntnt01alias=Waste-management&amp;cntnt01returnid=57\">Waste Management<\/a><\/p>\n","protected":false},"excerpt":{"rendered":"<p>Access to Justice with C. Poncelet, \u2018Protection Against Acts Harmful to Human Health and the Environment Adopted by the EU Institutions\u2019, Cambridge Yearbook of EU Law, pp. 177-208. N. de Sadeleer et C. Poncelet, &#8220;Contestation des actes des institutions de l\u2019Union europ\u00e9enne \u00e0 l\u2019\u00e9preuve de la Convention d\u2019\u00c5rhus&#8220;, Revue trimestrielle [&hellip;]<\/p>\n","protected":false},"author":1,"featured_media":0,"parent":0,"menu_order":0,"comment_status":"closed","ping_status":"open","template":"","meta":{"_themeisle_gutenberg_block_has_review":false,"footnotes":""},"class_list":["post-11","page","type-page","status-publish","hentry"],"_links":{"self":[{"href":"https:\/\/tradevenvironment.eu\/index.php\/wp-json\/wp\/v2\/pages\/11","targetHints":{"allow":["GET"]}}],"collection":[{"href":"https:\/\/tradevenvironment.eu\/index.php\/wp-json\/wp\/v2\/pages"}],"about":[{"href":"https:\/\/tradevenvironment.eu\/index.php\/wp-json\/wp\/v2\/types\/page"}],"author":[{"embeddable":true,"href":"https:\/\/tradevenvironment.eu\/index.php\/wp-json\/wp\/v2\/users\/1"}],"replies":[{"embeddable":true,"href":"https:\/\/tradevenvironment.eu\/index.php\/wp-json\/wp\/v2\/comments?post=11"}],"version-history":[{"count":6,"href":"https:\/\/tradevenvironment.eu\/index.php\/wp-json\/wp\/v2\/pages\/11\/revisions"}],"predecessor-version":[{"id":1336,"href":"https:\/\/tradevenvironment.eu\/index.php\/wp-json\/wp\/v2\/pages\/11\/revisions\/1336"}],"wp:attachment":[{"href":"https:\/\/tradevenvironment.eu\/index.php\/wp-json\/wp\/v2\/media?parent=11"}],"curies":[{"name":"wp","href":"https:\/\/api.w.org\/{rel}","templated":true}]}}